{"id":94,"date":"2025-09-16T19:33:45","date_gmt":"2025-09-16T17:33:45","guid":{"rendered":"https:\/\/www.arjbstudio.fr\/?page_id=94"},"modified":"2025-09-16T19:33:45","modified_gmt":"2025-09-16T17:33:45","slug":"contact","status":"publish","type":"page","link":"https:\/\/www.arjbstudio.fr\/index.php\/contact\/","title":{"rendered":"Contact"},"content":{"rendered":"\n<p>Vous souhaitez en savoir plus sur <strong>ARJB Studio<\/strong>, nos projets ou notre \u00e9quipe ?<br>N\u2019h\u00e9sitez pas \u00e0 nous \u00e9crire, nous serons ravis de vous r\u00e9pondre.<\/p>\n\n\n\n<div class=\"wp-block-contact-form-7-contact-form-selector\">\n<div class=\"wpcf7 no-js\" id=\"wpcf7-f69-o1\" lang=\"fr-FR\" dir=\"ltr\" data-wpcf7-id=\"69\">\n<div class=\"screen-reader-response\"><p role=\"status\" aria-live=\"polite\" aria-atomic=\"true\"><\/p> <ul><\/ul><\/div>\n<form action=\"\/index.php\/wp-json\/wp\/v2\/pages\/94#wpcf7-f69-o1\" method=\"post\" class=\"wpcf7-form init\" aria-label=\"Formulaire de contact\" novalidate=\"novalidate\" data-status=\"init\">\n<fieldset class=\"hidden-fields-container\"><input type=\"hidden\" name=\"_wpcf7\" value=\"69\" \/><input type=\"hidden\" name=\"_wpcf7_version\" value=\"6.1.5\" \/><input type=\"hidden\" name=\"_wpcf7_locale\" value=\"fr_FR\" \/><input type=\"hidden\" name=\"_wpcf7_unit_tag\" value=\"wpcf7-f69-o1\" \/><input type=\"hidden\" name=\"_wpcf7_container_post\" value=\"0\" \/><input type=\"hidden\" name=\"_wpcf7_posted_data_hash\" value=\"\" \/>\n<\/fieldset>\n<p><label> Adresse e-mail :<br \/>\n<span class=\"wpcf7-form-control-wrap\" data-name=\"your-email\"><input size=\"40\" maxlength=\"400\" class=\"wpcf7-form-control wpcf7-email wpcf7-validates-as-required wpcf7-text wpcf7-validates-as-email\" aria-required=\"true\" aria-invalid=\"false\" value=\"\" type=\"email\" name=\"your-email\" \/><\/span><br \/>\n<\/label>\n<\/p>\n<p><label> Message :<br \/>\n<span class=\"wpcf7-form-control-wrap\" data-name=\"your-message\"><textarea cols=\"40\" rows=\"10\" maxlength=\"2000\" class=\"wpcf7-form-control wpcf7-textarea\" aria-invalid=\"false\" name=\"your-message\"><\/textarea><\/span><br \/>\n<\/label>\n<\/p>\n<p><input class=\"wpcf7-form-control wpcf7-submit has-spinner\" type=\"submit\" value=\"Demande de contact\" \/>\n<\/p><div class=\"wpcf7-response-output\" aria-hidden=\"true\"><\/div>\n<\/form>\n<\/div>\n<\/div>\n\n\n\n<div style=\"height:100px\" aria-hidden=\"true\" class=\"wp-block-spacer\"><\/div>\n\n\n\n<h3 class=\"wp-block-heading\">Support &amp; demandes li\u00e9es aux applications<\/h3>\n\n\n\n<p>Pour toute demande d\u2019assistance technique ou de suppression de compte\/donn\u00e9es li\u00e9es \u00e0 nos applications, vous pouvez utiliser ce formulaire ou nous \u00e9crire directement :<\/p>\n\n\n\n<p>\ud83d\udce7 <strong>contact@arjbstudio.fr<\/strong><\/p>\n\n\n\n<p>Nous traiterons votre demande dans les plus brefs d\u00e9lais (g\u00e9n\u00e9ralement sous 7 jours ouvr\u00e9s).<\/p>\n\n\n\n<div style=\"height:100px\" aria-hidden=\"true\" class=\"wp-block-spacer\"><\/div>\n\n\n\n<h2 class=\"wp-block-heading\">Mentions utiles<\/h2>\n\n\n\n<p>\ud83d\udd12 Les informations que vous nous communiquez via ce formulaire sont utilis\u00e9es uniquement pour r\u00e9pondre \u00e0 votre demande. Elles ne sont ni revendues, ni partag\u00e9es avec des tiers.<\/p>\n\n\n\n<p><br>\ud83d\udc49 Pour plus de d\u00e9tails, consultez notre <a href=\"https:\/\/www.arjbstudio.fr\/index.php\/politique-de-confidentialite\/\" data-type=\"page\" data-id=\"3\">Politique de confidentialit\u00e9<\/a>.<\/p>\n","protected":false},"excerpt":{"rendered":"<p>Vous souhaitez en savoir plus sur ARJB Studio, nos projets ou notre \u00e9quipe ?N\u2019h\u00e9sitez pas \u00e0 nous \u00e9crire, nous serons ravis de vous r\u00e9pondre. Support &amp; demandes li\u00e9es aux applications Pour toute demande d\u2019assistance technique ou de suppression de compte\/donn\u00e9es li\u00e9es \u00e0 nos applications, vous pouvez utiliser ce formulaire ou nous \u00e9crire directement : \ud83d\udce7 [&hellip;]<\/p>\n","protected":false},"author":1,"featured_media":0,"parent":0,"menu_order":0,"comment_status":"closed","ping_status":"closed","template":"","meta":{"footnotes":""},"class_list":["post-94","page","type-page","status-publish","hentry"],"_links":{"self":[{"href":"https:\/\/www.arjbstudio.fr\/index.php\/wp-json\/wp\/v2\/pages\/94","targetHints":{"allow":["GET"]}}],"collection":[{"href":"https:\/\/www.arjbstudio.fr\/index.php\/wp-json\/wp\/v2\/pages"}],"about":[{"href":"https:\/\/www.arjbstudio.fr\/index.php\/wp-json\/wp\/v2\/types\/page"}],"author":[{"embeddable":true,"href":"https:\/\/www.arjbstudio.fr\/index.php\/wp-json\/wp\/v2\/users\/1"}],"replies":[{"embeddable":true,"href":"https:\/\/www.arjbstudio.fr\/index.php\/wp-json\/wp\/v2\/comments?post=94"}],"version-history":[{"count":1,"href":"https:\/\/www.arjbstudio.fr\/index.php\/wp-json\/wp\/v2\/pages\/94\/revisions"}],"predecessor-version":[{"id":95,"href":"https:\/\/www.arjbstudio.fr\/index.php\/wp-json\/wp\/v2\/pages\/94\/revisions\/95"}],"wp:attachment":[{"href":"https:\/\/www.arjbstudio.fr\/index.php\/wp-json\/wp\/v2\/media?parent=94"}],"curies":[{"name":"wp","href":"https:\/\/api.w.org\/{rel}","templated":true}]}}